{"id":1761,"date":"2020-09-02T17:24:57","date_gmt":"2020-09-02T15:24:57","guid":{"rendered":"https:\/\/msc-ingersheim.de\/?page_id=1761"},"modified":"2021-02-23T10:11:10","modified_gmt":"2021-02-23T09:11:10","slug":"schnuppertraining","status":"publish","type":"page","link":"https:\/\/msc-ingersheim.de\/?page_id=1761","title":{"rendered":"Schnuppertraining"},"content":{"rendered":"<p>Hast Du Lust auf Action, Spannung , Spa\u00df mit coolen Leuten ?<\/p>\n<p>M\u00f6chtest Du den BMX Sport n\u00e4her kennen lernen?<\/p>\n<p>Dann komm zu einem unserer Schnuppertrainings.<\/p>\n<p>Melde Dich hierzu unter\u00a0<a href=\"mailto:schnuppertraining@msc-ingersheim.de\" data-wplink-edit=\"true\">schnuppertraining@msc-ingersheim.de<\/a> an.<\/p>\n<p>Mitzubringen sind: Helm, lange Hose und langes Oberteil, Handschuhe und wenn vorhanden BMX Bike.<\/p>\n<p>Ansonsten haben wir auch Test Bikes zum Ausleihen.<\/p>\n<p>Wir freuen uns auf Dich !<\/p>\n","protected":false},"excerpt":{"rendered":"<p>Hast Du Lust auf Action, Spannung , Spa\u00df mit coolen Leuten ? M\u00f6chtest Du den BMX Sport n\u00e4her kennen lernen? Dann komm zu einem unserer Schnuppertrainings. Melde Dich hierzu unter\u00a0schnuppertraining@msc-ingersheim.de an. Mitzubringen sind: Helm, lange Hose und langes Oberteil, Handschuhe und wenn vorhanden BMX Bike. Ansonsten haben wir auch Test Bikes zum Ausleihen. Wir freuen [&hellip;]<\/p>\n","protected":false},"author":7,"featured_media":0,"parent":11,"menu_order":0,"comment_status":"closed","ping_status":"closed","template":"","meta":{"footnotes":""},"class_list":["post-1761","page","type-page","status-publish","hentry","post"],"_links":{"self":[{"href":"https:\/\/msc-ingersheim.de\/index.php?rest_route=\/wp\/v2\/pages\/1761","targetHints":{"allow":["GET"]}}],"collection":[{"href":"https:\/\/msc-ingersheim.de\/index.php?rest_route=\/wp\/v2\/pages"}],"about":[{"href":"https:\/\/msc-ingersheim.de\/index.php?rest_route=\/wp\/v2\/types\/page"}],"author":[{"embeddable":true,"href":"https:\/\/msc-ingersheim.de\/index.php?rest_route=\/wp\/v2\/users\/7"}],"replies":[{"embeddable":true,"href":"https:\/\/msc-ingersheim.de\/index.php?rest_route=%2Fwp%2Fv2%2Fcomments&post=1761"}],"version-history":[{"count":2,"href":"https:\/\/msc-ingersheim.de\/index.php?rest_route=\/wp\/v2\/pages\/1761\/revisions"}],"predecessor-version":[{"id":2095,"href":"https:\/\/msc-ingersheim.de\/index.php?rest_route=\/wp\/v2\/pages\/1761\/revisions\/2095"}],"up":[{"embeddable":true,"href":"https:\/\/msc-ingersheim.de\/index.php?rest_route=\/wp\/v2\/pages\/11"}],"wp:attachment":[{"href":"https:\/\/msc-ingersheim.de\/index.php?rest_route=%2Fwp%2Fv2%2Fmedia&parent=1761"}],"curies":[{"name":"wp","href":"https:\/\/api.w.org\/{rel}","templated":true}]}}